{"id":18,"date":"2014-01-08T20:05:56","date_gmt":"2014-01-08T20:05:56","guid":{"rendered":"http:\/\/autocenterakcin.de\/?page_id=18"},"modified":"2023-05-22T13:30:28","modified_gmt":"2023-05-22T13:30:28","slug":"ueber-uns","status":"publish","type":"page","link":"http:\/\/autocenterakcin.de\/?page_id=18","title":{"rendered":"Unser Team"},"content":{"rendered":"<p><strong><u>Familienbetrieb mit \u00fcber 30 Jahren Erfahrung <\/u><\/strong><\/p>\n<p>Papa Ali Akcin liebt und lebt das Thema Automobil. Mit Herz und Verstand widmet er sich voll und ganz seiner Leidenschaft und das bereits seit 1980. Da liegt es nahe, dass es seine S\u00f6hne ihm gleichtun und in seine Fu\u00dfstapfen treten. Hasan Akcin schloss im Jahre 2010 seine Ausbildung zum Kfz-Mechatroniker ab. Seit 2012 steht er als Meister in der Werkstatt und bildet zuk\u00fcnftige Kfz-Mechaniker\/ Mechatroniker aus. Hakan Akcin, gelernter Einzelhandelskaufmann und Lackierer seit 2011, unterst\u00fctzt das Team im B\u00fcro und steht den Kunden beratend zur Seite. Gemeinsam mit ihrem Vater gr\u00fcndeten Hakan und Hasan Akcin im Jahre 2011 das Autocenter Akcin, wie Sie es heute kennen.<\/p>\n<p><strong><u>Werde ein Teil unserer Familie<\/u><\/strong><\/p>\n<p>Zurzeit suchen wir Verst\u00e4rkung durch einen Kfz-Mechatroniker<\/p>\n<ul>\n<li>Du verf\u00fcgst \u00fcber eine abgeschlossene Berufsausbildung im technischen Bereich?<\/li>\n<li>Du bist fachlich kompetent und h\u00e4lst Dein Fachwissen stets auf einen zeitgem\u00e4\u00dfen stand?<\/li>\n<li>Dein Wissen \u00fcber Fahrzeugtechnik &amp; Diagnoseinstrument ist fundiert und aktuell?<\/li>\n<li>Dein Umgang mit Diagnosetechniken ist sicher?<\/li>\n<li>Du arbeitest selbstst\u00e4ndig, zuverl\u00e4ssig und genau?<\/li>\n<li>Die Branche und das Arbeiten im Team bereiten die Freude?<\/li>\n<\/ul>\n<p>Dann z\u00f6gere nicht, Dich bei uns mit Deiner Bewerbung vorzustellen. Dich erwartet ein famili\u00e4res Betriebsklima, neuste Ger\u00e4te, eine attraktive und leistungsgerechte Entlohnung und einen unbefristeten Arbeitsvertrag. Du wirst vor Ort professionell und intensiv eingearbeitet. Zu Deinen Aufgaben geh\u00f6ren die Wartung, Pr\u00fcfung und Instandsetzung, die Montage und Demontage, Fehlerdiagnose und -behebung sowie Service- und Pflegearbeiten.<\/p>\n<p>Dein Ansprechpartner:<\/p>\n<p><strong>Hasan Akcin<\/strong><\/p>\n<p>Autocenter Akcin GmbH<br>\nLortzingstra\u00dfe 27<br>\n46236 Bottrop<\/p>\n<p>Fax: +49 2041. 46 27 703&nbsp; &nbsp; &nbsp; &nbsp; &nbsp; &nbsp; &nbsp; &nbsp; &nbsp; &nbsp; &nbsp; &nbsp; &nbsp; &nbsp; &nbsp; &nbsp; &nbsp; &nbsp; &nbsp; &nbsp; &nbsp; &nbsp; &nbsp; &nbsp; &nbsp; &nbsp; &nbsp; &nbsp; &nbsp; &nbsp; &nbsp; &nbsp; &nbsp; &nbsp; &nbsp; &nbsp; &nbsp; &nbsp; &nbsp; &nbsp; &nbsp; &nbsp; &nbsp; &nbsp; &nbsp; &nbsp; &nbsp; &nbsp; &nbsp; &nbsp; &nbsp; &nbsp; &nbsp; &nbsp; &nbsp; &nbsp; &nbsp; &nbsp; Email: Autocenterakcin@gmail.com<\/p>\n\n\n<figure class=\"wp-block-gallery has-nested-images columns-default is-cropped wp-block-gallery-1 is-layout-flex wp-block-gallery-is-layout-flex\"><\/figure>\n","protected":false},"excerpt":{"rendered":"<p>Familienbetrieb mit \u00fcber 30 Jahren Erfahrung Papa Ali Akcin liebt und lebt das Thema Automobil. Mit Herz und Verstand widmet er sich voll und ganz seiner Leidenschaft und das bereits seit 1980. Da liegt es nahe, dass es seine S\u00f6hne &hellip; <a href=\"http:\/\/autocenterakcin.de\/?page_id=18\">Weiterlesen <span class=\"meta-nav\">&rarr;<\/span><\/a><\/p>\n","protected":false},"author":1,"featured_media":0,"parent":0,"menu_order":1,"comment_status":"closed","ping_status":"closed","template":"","meta":{"footnotes":""},"class_list":["post-18","page","type-page","status-publish","hentry"],"jetpack_sharing_enabled":true,"_links":{"self":[{"href":"http:\/\/autocenterakcin.de\/index.php?rest_route=\/wp\/v2\/pages\/18","targetHints":{"allow":["GET"]}}],"collection":[{"href":"http:\/\/autocenterakcin.de\/index.php?rest_route=\/wp\/v2\/pages"}],"about":[{"href":"http:\/\/autocenterakcin.de\/index.php?rest_route=\/wp\/v2\/types\/page"}],"author":[{"embeddable":true,"href":"http:\/\/autocenterakcin.de\/index.php?rest_route=\/wp\/v2\/users\/1"}],"replies":[{"embeddable":true,"href":"http:\/\/autocenterakcin.de\/index.php?rest_route=%2Fwp%2Fv2%2Fcomments&post=18"}],"version-history":[{"count":23,"href":"http:\/\/autocenterakcin.de\/index.php?rest_route=\/wp\/v2\/pages\/18\/revisions"}],"predecessor-version":[{"id":11270,"href":"http:\/\/autocenterakcin.de\/index.php?rest_route=\/wp\/v2\/pages\/18\/revisions\/11270"}],"wp:attachment":[{"href":"http:\/\/autocenterakcin.de\/index.php?rest_route=%2Fwp%2Fv2%2Fmedia&parent=18"}],"curies":[{"name":"wp","href":"https:\/\/api.w.org\/{rel}","templated":true}]}}