{"id":2,"date":"2014-01-07T14:58:58","date_gmt":"2014-01-07T14:58:58","guid":{"rendered":"http:\/\/autocenterakcin.de\/?page_id=2"},"modified":"2021-01-18T14:20:22","modified_gmt":"2021-01-18T14:20:22","slug":"sample-page","status":"publish","type":"page","link":"http:\/\/autocenterakcin.de\/?page_id=2","title":{"rendered":"Leistungen"},"content":{"rendered":"<p><strong><u>Pflege &amp; Wartung<\/u><\/strong><\/p>\n<p>Eine regelm\u00e4\u00dfige Wartung ist die wichtigste Voraussetzung f\u00fcr die Sicherheit und Zuverl\u00e4ssigkeit Ihres Fahrzeugs. Neben der Inspektion nach Herstellervorgaben, bieten wir weitere Leistungen an, damit Sie stets einen stressfreien Fahrspa\u00df genie\u00dfen k\u00f6nnen.<\/p>\n<p><strong>\u00d6lservice\u00a0\u00a0\u00a0\u00a0\u00a0\u00a0\u00a0\u00a0\u00a0\u00a0\u00a0\u00a0\u00a0\u00a0\u00a0\u00a0\u00a0\u00a0\u00a0\u00a0\u00a0\u00a0\u00a0\u00a0\u00a0\u00a0\u00a0\u00a0\u00a0\u00a0\u00a0\u00a0\u00a0\u00a0\u00a0\u00a0\u00a0\u00a0\u00a0\u00a0\u00a0\u00a0\u00a0\u00a0\u00a0\u00a0\u00a0\u00a0\u00a0\u00a0\u00a0\u00a0\u00a0\u00a0\u00a0\u00a0\u00a0\u00a0\u00a0\u00a0\u00a0\u00a0\u00a0\u00a0\u00a0\u00a0\u00a0\u00a0\u00a0\u00a0\u00a0\u00a0\u00a0\u00a0\u00a0\u00a0\u00a0\u00a0\u00a0\u00a0\u00a0\u00a0\u00a0\u00a0\u00a0\u00a0\u00a0\u00a0\u00a0\u00a0\u00a0\u00a0\u00a0\u00a0\u00a0\u00a0\u00a0\u00a0\u00a0\u00a0\u00a0\u00a0\u00a0\u00a0\u00a0\u00a0\u00a0\u00a0\u00a0\u00a0\u00a0\u00a0\u00a0\u00a0\u00a0\u00a0\u00a0\u00a0\u00a0\u00a0\u00a0\u00a0\u00a0\u00a0\u00a0\u00a0\u00a0\u00a0\u00a0\u00a0\u00a0\u00a0\u00a0\u00a0\u00a0\u00a0\u00a0\u00a0\u00a0\u00a0\u00a0\u00a0\u00a0\u00a0\u00a0\u00a0 <\/strong><\/p>\n<p>Um den Werterhalt ihres Fahrzeugs zu sichern, sind regelm\u00e4\u00dfige \u00d6lwechsel notwendig. Die Hersteller geben unterschiedliche Intervalle bei der Wartung vor. Meist bietet sich ein \u00d6lwechsel im Zusammenhang mit einer Inspektion an.<\/p>\n<p><strong>Klimaanlagenservice \u00a0\u00a0\u00a0\u00a0\u00a0\u00a0\u00a0\u00a0\u00a0\u00a0\u00a0\u00a0\u00a0\u00a0\u00a0\u00a0\u00a0\u00a0\u00a0\u00a0\u00a0\u00a0\u00a0\u00a0\u00a0\u00a0\u00a0\u00a0\u00a0\u00a0\u00a0\u00a0\u00a0\u00a0\u00a0\u00a0\u00a0\u00a0\u00a0\u00a0\u00a0\u00a0\u00a0\u00a0\u00a0\u00a0\u00a0\u00a0\u00a0\u00a0\u00a0\u00a0\u00a0\u00a0\u00a0\u00a0\u00a0\u00a0\u00a0\u00a0\u00a0\u00a0\u00a0\u00a0\u00a0\u00a0\u00a0\u00a0\u00a0\u00a0\u00a0\u00a0\u00a0\u00a0\u00a0\u00a0\u00a0\u00a0\u00a0\u00a0\u00a0\u00a0\u00a0\u00a0\u00a0\u00a0\u00a0\u00a0\u00a0\u00a0\u00a0\u00a0\u00a0\u00a0\u00a0\u00a0\u00a0\u00a0\u00a0\u00a0\u00a0\u00a0\u00a0\u00a0\u00a0\u00a0\u00a0\u00a0\u00a0\u00a0\u00a0\u00a0\u00a0\u00a0\u00a0\u00a0\u00a0\u00a0\u00a0\u00a0\u00a0\u00a0\u00a0\u00a0\u00a0\u00a0\u00a0\u00a0\u00a0\u00a0\u00a0\u00a0\u00a0\u00a0\u00a0\u00a0\u00a0\u00a0\u00a0\u00a0\u00a0\u00a0\u00a0\u00a0\u00a0\u00a0\u00a0\u00a0\u00a0\u00a0\u00a0\u00a0\u00a0\u00a0\u00a0\u00a0\u00a0\u00a0\u00a0\u00a0\u00a0\u00a0\u00a0\u00a0 <\/strong>Damit Sie nicht ins Schwitzen kommen, empfehlen wir eine Klimaanlagen-Wartung alle 2 Jahre oder 40.000 km. Unser Leistungsumfang beinhaltet hier die Desinfektion und die Reinigung des Verdampfers. Sollten Sie zwischenzeitlich das Gef\u00fchl eines Leistungsabfalls haben, f\u00fchren wir gerne einen Klimaanlagen-Check durch. Hierbei pr\u00fcfen wir die Klimaanlage vollst\u00e4ndig auf ihre Funktion. Sollten wir einen M\u00e4ngel erkennen, bieten wir eine fachgerechte L\u00f6sung an.<\/p>\n<p><strong><u>Hauptuntersuchung (HU) &amp; Abgasuntersuchung (AU)<\/u><\/strong><\/p>\n<p>Als offizieller DEKRA-St\u00fctzpunkt, pr\u00fcfen wir die Abgase auf Abweichungen und untersuchen Ihr Fahrzeug nach festgelegten Kriterien auf seine Verkehrst\u00fcchtigkeit. Selbstverst\u00e4ndlich haben wir auch die Kompetenz und Ersatzteile, um gegebenenfalls festgestellte M\u00e4ngel zu beheben.<\/p>\n<p><strong><u>Reifenservice<\/u><\/strong><\/p>\n<p>\u00dcber die Reifen hat Ihr Auto Kontakt zur Stra\u00dfe. Ein guter Zustand und hohe Reifenqualit\u00e4t sorgen f\u00fcr eine sichere Fahrt.<\/p>\n<p><strong>R\u00e4derwechsel\u00a0 \u00a0 \u00a0 \u00a0 \u00a0 \u00a0 \u00a0 \u00a0 \u00a0 \u00a0 \u00a0 \u00a0 \u00a0 \u00a0 \u00a0 \u00a0 \u00a0 \u00a0 \u00a0 \u00a0 \u00a0 \u00a0 \u00a0 \u00a0 \u00a0 \u00a0 \u00a0 \u00a0 \u00a0 \u00a0 \u00a0 \u00a0 \u00a0 \u00a0 \u00a0 \u00a0 \u00a0 \u00a0 \u00a0 \u00a0 \u00a0 \u00a0 \u00a0 \u00a0 \u00a0 \u00a0 \u00a0 \u00a0 \u00a0 \u00a0 \u00a0 \u00a0 \u00a0 \u00a0 \u00a0 \u00a0 \u00a0 \u00a0 \u00a0 \u00a0 \u00a0 \u00a0 \u00a0 \u00a0 \u00a0 \u00a0 \u00a0 \u00a0<\/strong><\/p>\n<p>Wir wechseln Ihre Komplettr\u00e4der schnell und zuverl\u00e4ssig. Das Aufziehen der R\u00e4der geschieht mit professionellen Ger\u00e4ten und ganz ohne M\u00fche f\u00fcr Sie!<\/p>\n<p><strong>R\u00e4dereinlagerung\u00a0\u00a0\u00a0\u00a0\u00a0\u00a0\u00a0\u00a0\u00a0\u00a0\u00a0\u00a0\u00a0\u00a0\u00a0\u00a0\u00a0\u00a0\u00a0\u00a0\u00a0\u00a0\u00a0\u00a0\u00a0\u00a0\u00a0\u00a0\u00a0\u00a0\u00a0\u00a0\u00a0\u00a0\u00a0\u00a0\u00a0\u00a0\u00a0\u00a0\u00a0\u00a0\u00a0\u00a0\u00a0\u00a0\u00a0\u00a0\u00a0\u00a0\u00a0\u00a0\u00a0\u00a0\u00a0\u00a0\u00a0\u00a0\u00a0\u00a0\u00a0\u00a0\u00a0\u00a0\u00a0\u00a0\u00a0\u00a0\u00a0\u00a0\u00a0\u00a0\u00a0\u00a0\u00a0\u00a0\u00a0\u00a0\u00a0\u00a0\u00a0\u00a0\u00a0\u00a0\u00a0\u00a0\u00a0\u00a0\u00a0\u00a0\u00a0\u00a0\u00a0\u00a0\u00a0\u00a0\u00a0\u00a0\u00a0\u00a0\u00a0\u00a0\u00a0\u00a0\u00a0\u00a0\u00a0\u00a0\u00a0\u00a0\u00a0\u00a0\u00a0\u00a0\u00a0\u00a0\u00a0\u00a0\u00a0\u00a0\u00a0\u00a0\u00a0\u00a0\u00a0\u00a0\u00a0\u00a0 <\/strong><\/p>\n<p>Damit Sie Platz sparen k\u00f6nnen, lagern wir gerne Ihre Komplettr\u00e4der sicher f\u00fcr Sie ein.<\/p>\n<p><strong>Auswuchten\u00a0 \u00a0 \u00a0 \u00a0 \u00a0 \u00a0 \u00a0 \u00a0 \u00a0 \u00a0 \u00a0 \u00a0 \u00a0 \u00a0 \u00a0 \u00a0 \u00a0 \u00a0 \u00a0 \u00a0 \u00a0 \u00a0 \u00a0 \u00a0 \u00a0 \u00a0 \u00a0 \u00a0 \u00a0 \u00a0 \u00a0 \u00a0 \u00a0 \u00a0 \u00a0 \u00a0 \u00a0 \u00a0 \u00a0 \u00a0 \u00a0 \u00a0 \u00a0 \u00a0 \u00a0 \u00a0 \u00a0 \u00a0 \u00a0 \u00a0 \u00a0 \u00a0 \u00a0 \u00a0 \u00a0 \u00a0 \u00a0 \u00a0 \u00a0 \u00a0 \u00a0 \u00a0 \u00a0 \u00a0 <\/strong><\/p>\n<p>Bereits eine Unwucht von 10 Gramm wirkt sich stark auf Ihr Fahrzeug aus! Damit Sie stets entspannt an Ihrem Ziel ankommen, k\u00f6nnen Sie Ihre Reifen bei uns Auswuchten lassen. F\u00fcr das Auswuchten von Reifen bestehen keine festen Intervalle. Es bietet sich ein Auswuchten bei jedem saisonalen Reifen- bzw. R\u00e4derwechsels an.<\/p>\n<p><strong><u>Reparaturen &amp; Lackierungsarbeiten<\/u><\/strong><\/p>\n<p>5 Hebeb\u00fchnen erm\u00f6glichen uns eine schnelle und professionelle Reparatur Ihres Fahrzeugs. Original-Ersatzteile und geschulte Servicemitarbeiter erf\u00fcllen selbstverst\u00e4ndlich auch hier h\u00f6chste Qualit\u00e4tsanspr\u00fcche, f\u00fcr mehr Sicherheit und mehr Fahrspa\u00df. Als Bosch Modul-Partner k\u00f6nnen wir mittels Bosch Diagnoseger\u00e4t schnell und zuverl\u00e4ssig eine Fehlerdiagnose stellen.<\/p>\n<p><strong>Lackierungsarbeiten\u00a0 \u00a0 \u00a0 \u00a0 \u00a0 \u00a0 \u00a0 \u00a0 \u00a0 \u00a0 \u00a0 \u00a0 \u00a0 \u00a0 \u00a0 \u00a0 \u00a0 \u00a0 \u00a0 \u00a0 \u00a0 \u00a0 \u00a0 \u00a0 \u00a0 \u00a0 \u00a0 \u00a0 \u00a0 \u00a0 \u00a0 \u00a0 \u00a0 \u00a0 \u00a0 \u00a0 \u00a0 \u00a0 \u00a0 \u00a0 \u00a0 \u00a0 \u00a0 \u00a0 \u00a0 \u00a0 \u00a0 \u00a0 \u00a0 \u00a0 \u00a0 \u00a0 \u00a0 \u00a0 \u00a0 \u00a0 \u00a0 \u00a0 \u00a0 \u00a0 \u00a0 <\/strong><\/p>\n<p>Durch die Instandsetzung von Lackbesch\u00e4digungen an der Karosserie, sorgen wir f\u00fcr ein makelloses Strahlen Ihres Fahrzeuges.<\/p>\n<p><strong>Scheibenreparatur \u00a0\u00a0\u00a0\u00a0\u00a0\u00a0\u00a0\u00a0\u00a0\u00a0\u00a0\u00a0\u00a0\u00a0\u00a0\u00a0\u00a0\u00a0\u00a0\u00a0\u00a0\u00a0\u00a0\u00a0\u00a0\u00a0\u00a0\u00a0\u00a0\u00a0\u00a0\u00a0\u00a0\u00a0\u00a0\u00a0\u00a0\u00a0\u00a0\u00a0\u00a0\u00a0\u00a0\u00a0\u00a0\u00a0\u00a0\u00a0\u00a0\u00a0\u00a0\u00a0\u00a0\u00a0\u00a0\u00a0\u00a0\u00a0\u00a0\u00a0\u00a0\u00a0\u00a0\u00a0\u00a0\u00a0\u00a0\u00a0\u00a0\u00a0\u00a0\u00a0\u00a0\u00a0\u00a0\u00a0\u00a0\u00a0\u00a0\u00a0\u00a0\u00a0\u00a0\u00a0\u00a0\u00a0\u00a0\u00a0\u00a0\u00a0\u00a0\u00a0\u00a0\u00a0\u00a0\u00a0\u00a0\u00a0\u00a0\u00a0\u00a0\u00a0\u00a0\u00a0\u00a0\u00a0\u00a0\u00a0\u00a0\u00a0\u00a0\u00a0\u00a0\u00a0\u00a0\u00a0\u00a0\u00a0\u00a0\u00a0\u00a0\u00a0\u00a0\u00a0\u00a0\u00a0\u00a0\u00a0\u00a0\u00a0\u00a0\u00a0\u00a0\u00a0\u00a0\u00a0\u00a0\u00a0\u00a0\u00a0\u00a0\u00a0\u00a0\u00a0\u00a0\u00a0\u00a0\u00a0\u00a0\u00a0\u00a0\u00a0\u00a0\u00a0\u00a0\u00a0\u00a0\u00a0\u00a0\u00a0\u00a0\u00a0\u00a0\u00a0 <\/strong>Wir k\u00fcmmern uns schnell, unkompliziert und professionell um die Reparatur oder den Austausch Ihrer Windschutzscheibe. Dabei ist die Abrechnung \u00fcber Ihre Versicherung m\u00f6glich.<strong>\u00a0\u00a0\u00a0\u00a0\u00a0\u00a0 <\/strong><\/p>\n<p><strong>Achsvermessung <\/strong><\/p>\n<p>Wir pr\u00fcfen die Geometrie des Fahrwerks auf m\u00f6gliche Abweichungen und f\u00fchren gegebenenfalls die notwendige Einstellung durch.<\/p>\n","protected":false},"excerpt":{"rendered":"<p>Pflege &amp; Wartung Eine regelm\u00e4\u00dfige Wartung ist die wichtigste Voraussetzung f\u00fcr die Sicherheit und Zuverl\u00e4ssigkeit Ihres Fahrzeugs. Neben der Inspektion nach Herstellervorgaben, bieten wir weitere Leistungen an, damit Sie stets einen stressfreien Fahrspa\u00df genie\u00dfen k\u00f6nnen. \u00d6lservice\u00a0\u00a0\u00a0\u00a0\u00a0\u00a0\u00a0\u00a0\u00a0\u00a0\u00a0\u00a0\u00a0\u00a0\u00a0\u00a0\u00a0\u00a0\u00a0\u00a0\u00a0\u00a0\u00a0\u00a0\u00a0\u00a0\u00a0\u00a0\u00a0\u00a0\u00a0\u00a0\u00a0\u00a0\u00a0\u00a0\u00a0\u00a0\u00a0\u00a0\u00a0\u00a0\u00a0\u00a0\u00a0\u00a0\u00a0\u00a0\u00a0\u00a0\u00a0\u00a0\u00a0\u00a0\u00a0\u00a0\u00a0\u00a0\u00a0\u00a0\u00a0\u00a0\u00a0\u00a0\u00a0\u00a0\u00a0\u00a0\u00a0\u00a0\u00a0\u00a0\u00a0\u00a0\u00a0\u00a0\u00a0\u00a0\u00a0\u00a0\u00a0\u00a0\u00a0\u00a0\u00a0\u00a0\u00a0\u00a0\u00a0\u00a0\u00a0\u00a0\u00a0\u00a0\u00a0\u00a0\u00a0\u00a0\u00a0\u00a0\u00a0\u00a0\u00a0\u00a0\u00a0\u00a0\u00a0\u00a0\u00a0\u00a0\u00a0\u00a0\u00a0\u00a0\u00a0\u00a0\u00a0\u00a0\u00a0\u00a0\u00a0\u00a0\u00a0\u00a0\u00a0\u00a0\u00a0\u00a0\u00a0\u00a0\u00a0\u00a0\u00a0\u00a0\u00a0\u00a0\u00a0\u00a0\u00a0\u00a0\u00a0\u00a0\u00a0\u00a0\u00a0\u00a0 Um den Werterhalt ihres &hellip; <a href=\"http:\/\/autocenterakcin.de\/?page_id=2\">Weiterlesen <span class=\"meta-nav\">&rarr;<\/span><\/a><\/p>\n","protected":false},"author":1,"featured_media":0,"parent":0,"menu_order":2,"comment_status":"closed","ping_status":"closed","template":"","meta":{"footnotes":""},"class_list":["post-2","page","type-page","status-publish","hentry"],"jetpack_sharing_enabled":true,"_links":{"self":[{"href":"http:\/\/autocenterakcin.de\/index.php?rest_route=\/wp\/v2\/pages\/2","targetHints":{"allow":["GET"]}}],"collection":[{"href":"http:\/\/autocenterakcin.de\/index.php?rest_route=\/wp\/v2\/pages"}],"about":[{"href":"http:\/\/autocenterakcin.de\/index.php?rest_route=\/wp\/v2\/types\/page"}],"author":[{"embeddable":true,"href":"http:\/\/autocenterakcin.de\/index.php?rest_route=\/wp\/v2\/users\/1"}],"replies":[{"embeddable":true,"href":"http:\/\/autocenterakcin.de\/index.php?rest_route=%2Fwp%2Fv2%2Fcomments&post=2"}],"version-history":[{"count":6,"href":"http:\/\/autocenterakcin.de\/index.php?rest_route=\/wp\/v2\/pages\/2\/revisions"}],"predecessor-version":[{"id":154,"href":"http:\/\/autocenterakcin.de\/index.php?rest_route=\/wp\/v2\/pages\/2\/revisions\/154"}],"wp:attachment":[{"href":"http:\/\/autocenterakcin.de\/index.php?rest_route=%2Fwp%2Fv2%2Fmedia&parent=2"}],"curies":[{"name":"wp","href":"https:\/\/api.w.org\/{rel}","templated":true}]}}