{"id":227,"date":"2022-02-14T11:41:47","date_gmt":"2022-02-14T11:41:47","guid":{"rendered":"http:\/\/autocenterakcin.de\/?page_id=227"},"modified":"2024-03-21T13:42:14","modified_gmt":"2024-03-21T13:42:14","slug":"chiptuning-motortuning","status":"publish","type":"page","link":"http:\/\/autocenterakcin.de\/?page_id=227","title":{"rendered":"Ihr Partner f\u00fcr\u00a0Karosserie- und Lackierarbeiten"},"content":{"rendered":"\n<p><\/p>\n\n\n\n<p>F\u00fcr Autoh\u00e4user, Leasinggesellschaften, Versicherungen oder Autovermieter sind wir Ihr zuverl\u00e4ssiger Ansprechpartner wenn es um die fristgerechte Reparatur von Unfallsch\u00e4den aller Art geht.<\/p>\n\n\n\n<p><\/p>\n\n\n\n<h2 class=\"wp-block-heading\">Starke Partnerschaft f\u00fcr Ihren Erfolg<\/h2>\n\n\n\n<p>Wenn Sie auf der Suche nach einem erfahrenen Dienstleister f\u00fcr Lackierungen und Unfallinstandsetzungen sind, haben Sie ihn gefunden!<\/p>\n\n\n\n<p>Als Kooperationspartner f\u00fcr Autoh\u00e4user, Versicherungen und Leasinggesellschaften f\u00fchren wir s\u00e4mtliche Lackierungen und Karosseriearbeiten f\u00fcr Sie aus. Wir sorgen f\u00fcr den Werterhalt Ihrer Fahrzeuge &#8211;&nbsp;<strong>fair, flexibel und zuverl\u00e4ssig.<\/strong>.<\/p>\n\n\n\n<ul class=\"wp-block-list\">\n<li>Hol- und Bringservice<\/li>\n\n\n\n<li>flexible und kurzfristige Terminvereinbarung<\/li>\n\n\n\n<li>fristgerechte Bearbeitung Ihrer Auftr\u00e4ge<\/li>\n\n\n\n<li>Reparatur nach Herstellervorgaben mit Originalteilen<\/li>\n\n\n\n<li>faire und fest-kalkulierbare Konditionen<\/li>\n<\/ul>\n\n\n\n<p><\/p>\n\n\n\n<h3 class=\"wp-block-heading\">Lackierung und Instandsetzung f\u00fcr Autoh\u00e4user:<\/h3>\n\n\n\n<p>F\u00fcr Verkaufsfahrzeuge stehen wir als fester Partner f\u00fcr Unfallreparaturen zur Verf\u00fcgung. Auch wenn es um die Kompensation von Kapazit\u00e4tsengp\u00e4ssen geht greifen wir gerne unter die Arme.<\/p>\n","protected":false},"excerpt":{"rendered":"<p>F\u00fcr Autoh\u00e4user, Leasinggesellschaften, Versicherungen oder Autovermieter sind wir Ihr zuverl\u00e4ssiger Ansprechpartner wenn es um die fristgerechte Reparatur von Unfallsch\u00e4den aller Art geht. Starke Partnerschaft f\u00fcr Ihren Erfolg Wenn Sie auf der Suche nach einem erfahrenen Dienstleister f\u00fcr Lackierungen und Unfallinstandsetzungen &hellip; <a href=\"http:\/\/autocenterakcin.de\/?page_id=227\">Weiterlesen <span class=\"meta-nav\">&rarr;<\/span><\/a><\/p>\n","protected":false},"author":1,"featured_media":0,"parent":0,"menu_order":0,"comment_status":"closed","ping_status":"closed","template":"","meta":{"footnotes":""},"class_list":["post-227","page","type-page","status-publish","hentry"],"jetpack_sharing_enabled":true,"_links":{"self":[{"href":"http:\/\/autocenterakcin.de\/index.php?rest_route=\/wp\/v2\/pages\/227","targetHints":{"allow":["GET"]}}],"collection":[{"href":"http:\/\/autocenterakcin.de\/index.php?rest_route=\/wp\/v2\/pages"}],"about":[{"href":"http:\/\/autocenterakcin.de\/index.php?rest_route=\/wp\/v2\/types\/page"}],"author":[{"embeddable":true,"href":"http:\/\/autocenterakcin.de\/index.php?rest_route=\/wp\/v2\/users\/1"}],"replies":[{"embeddable":true,"href":"http:\/\/autocenterakcin.de\/index.php?rest_route=%2Fwp%2Fv2%2Fcomments&post=227"}],"version-history":[{"count":6,"href":"http:\/\/autocenterakcin.de\/index.php?rest_route=\/wp\/v2\/pages\/227\/revisions"}],"predecessor-version":[{"id":11310,"href":"http:\/\/autocenterakcin.de\/index.php?rest_route=\/wp\/v2\/pages\/227\/revisions\/11310"}],"wp:attachment":[{"href":"http:\/\/autocenterakcin.de\/index.php?rest_route=%2Fwp%2Fv2%2Fmedia&parent=227"}],"curies":[{"name":"wp","href":"https:\/\/api.w.org\/{rel}","templated":true}]}}