{"id":233,"date":"2022-02-14T11:48:14","date_gmt":"2022-02-14T11:48:14","guid":{"rendered":"http:\/\/autocenterakcin.de\/?page_id=233"},"modified":"2022-02-14T11:52:08","modified_gmt":"2022-02-14T11:52:08","slug":"finanzierung","status":"publish","type":"page","link":"http:\/\/autocenterakcin.de\/?page_id=233","title":{"rendered":"Finanzierung"},"content":{"rendered":"\n<p>Ob ein ungeplanter Schaden oder die Erf\u00fcllung eines Wunsches. Wenn eine gro\u00dfe Inspektion oder geplante Investition anstehen, bei uns rei\u00dft das keine L\u00f6cher mehr ins Budget.<\/p>\n\n\n\n<p>Eine Finanzierung mit der EvoRepair von unserem Partner Bank11 kann schnell und einfach helfen, Finanzierungsl\u00fccken zu \u00fcberbr\u00fccken. Und so sieht\u2018s aus:<\/p>\n\n\n\n<ul class=\"wp-block-list\"><li>einfach online beantragen (gerne auch bei uns in der Werkstatt)<\/li><li>kurze Bearbeitungszeit \/ schnelle Verf\u00fcgbarkeit (Bonit\u00e4t vorausgesetzt)<\/li><li>Reparaturen und Zubeh\u00f6r bis\u00a0<strong>4.000 \u20ac<\/strong>\u00a0ohne finanziellen Engpass finanzieren!<\/li><li><strong>12 Monate zinsfrei<\/strong>!*<\/li><li>Niedrige monatliche Raten schon ab 25 \u20ac!<\/li><li>Unbegrenzte Laufzeit<\/li><li>Sondertilgungen sind jederzeit m\u00f6glich<\/li><li>Keine Bearbeitungsgeb\u00fchren\u200b<\/li><\/ul>\n\n\n\n<p><strong>F\u00fcr die einfache Finanzierung von Reparaturen und KFZ-Zubeh\u00f6r<\/strong><\/p>\n\n\n\n<p>Gerne beraten wir Sie hierzu vor Ort, sprechen Sie uns gerne an!<\/p>\n\n\n\n<p>\u200b* unbegrenzte Laufzeit, Mindestrate 25\u20ac, ab dem 13. Monat g\u00fcnstige, variable Verzinsung, Bonit\u00e4t vorausgesetzt.<\/p>\n","protected":false},"excerpt":{"rendered":"<p>Ob ein ungeplanter Schaden oder die Erf\u00fcllung eines Wunsches. Wenn eine gro\u00dfe Inspektion oder geplante Investition anstehen, bei uns rei\u00dft das keine L\u00f6cher mehr ins Budget. Eine Finanzierung mit der EvoRepair von unserem Partner Bank11 kann schnell und einfach helfen, &hellip; <a href=\"http:\/\/autocenterakcin.de\/?page_id=233\">Weiterlesen <span class=\"meta-nav\">&rarr;<\/span><\/a><\/p>\n","protected":false},"author":1,"featured_media":0,"parent":0,"menu_order":0,"comment_status":"closed","ping_status":"closed","template":"","meta":{"footnotes":""},"class_list":["post-233","page","type-page","status-publish","hentry"],"jetpack_sharing_enabled":true,"_links":{"self":[{"href":"http:\/\/autocenterakcin.de\/index.php?rest_route=\/wp\/v2\/pages\/233","targetHints":{"allow":["GET"]}}],"collection":[{"href":"http:\/\/autocenterakcin.de\/index.php?rest_route=\/wp\/v2\/pages"}],"about":[{"href":"http:\/\/autocenterakcin.de\/index.php?rest_route=\/wp\/v2\/types\/page"}],"author":[{"embeddable":true,"href":"http:\/\/autocenterakcin.de\/index.php?rest_route=\/wp\/v2\/users\/1"}],"replies":[{"embeddable":true,"href":"http:\/\/autocenterakcin.de\/index.php?rest_route=%2Fwp%2Fv2%2Fcomments&post=233"}],"version-history":[{"count":4,"href":"http:\/\/autocenterakcin.de\/index.php?rest_route=\/wp\/v2\/pages\/233\/revisions"}],"predecessor-version":[{"id":239,"href":"http:\/\/autocenterakcin.de\/index.php?rest_route=\/wp\/v2\/pages\/233\/revisions\/239"}],"wp:attachment":[{"href":"http:\/\/autocenterakcin.de\/index.php?rest_route=%2Fwp%2Fv2%2Fmedia&parent=233"}],"curies":[{"name":"wp","href":"https:\/\/api.w.org\/{rel}","templated":true}]}}