{"id":108,"date":"2014-01-13T18:17:34","date_gmt":"2014-01-13T18:17:34","guid":{"rendered":"http:\/\/autocenterakcin.de\/?page_id=108"},"modified":"2023-09-01T10:53:11","modified_gmt":"2023-09-01T10:53:11","slug":"willkommen","status":"publish","type":"page","link":"https:\/\/autocenterakcin.de\/","title":{"rendered":"Wilkommen"},"content":{"rendered":"\t\t<div data-elementor-type=\"wp-page\" data-elementor-id=\"108\" class=\"elementor elementor-108\">\n\t\t\t\t\t\t<section class=\"elementor-section elementor-top-section elementor-element elementor-element-37f93a9a elementor-section-boxed elementor-section-height-default elementor-section-height-default\" data-id=\"37f93a9a\" data-element_type=\"section\" data-e-type=\"section\">\n\t\t\t\t\t\t<div class=\"elementor-container elementor-column-gap-default\">\n\t\t\t\t\t<div class=\"elementor-column elementor-col-100 elementor-top-column elementor-element elementor-element-7e86d11e\" data-id=\"7e86d11e\" data-element_type=\"column\" data-e-type=\"column\">\n\t\t\t<div class=\"elementor-widget-wrap elementor-element-populated\">\n\t\t\t\t\t\t<div class=\"elementor-element elementor-element-2edebb61 elementor-widget elementor-widget-text-editor\" data-id=\"2edebb61\" data-element_type=\"widget\" data-e-type=\"widget\" data-widget_type=\"text-editor.default\">\n\t\t\t\t<div class=\"elementor-widget-container\">\n\t\t\t\t\t\t\t\t\t<p>Kfz-Meisterbetrieb Autocenter Akcin ist seit 2011 Ihr Ansprechpartner rund um Kraftfahrzeuge in Bottrop.<\/p>\n<p>Sie, als Kunde sind der bedeutendste Besucher unseres Hauses. Ihre Sicherheit und Ihre Zufriedenheit sind f\u00fcr uns die oberste Priorit\u00e4t. Auch ohne Termin sind Sie bei uns jederzeit herzlich willkommen. Sie stellen f\u00fcr uns keine Unterbrechung unserer Arbeit dar, sondern den Zweck unserer Arbeit. Wir tun Ihnen keinen Gefallen, indem wir Sie bedienen. Sie tun uns einen Gefallen, indem Sie es uns erm\u00f6glichen.<\/p>\n<p><strong><u>Alles unter einem Dach <\/u><\/strong><\/p>\n<p>Ganz gleich ob Hauptuntersuchung, Lackierungsarbeiten, R\u00e4derwechsel oder Reifeneinlagerung ob Klimawartung, Inspektion oder Windschutzscheibenaustausch, bei uns erhalten Sie die gesamte Produktpalette unter einem Dach. Hierbei zeichnen uns unsere umfassend geschulten und kompetenten Mitarbeiter, denen Sie vertrauen k\u00f6nnen, aus. So bleibt keine Frage unbeantwortet und kein Problem ungel\u00f6st.<\/p>\n<p><strong><u>Wir sind f\u00fcr Sie da<\/u><\/strong><\/p>\n<p>Wenn es zu einem Unfall kommt, tauchen oft nie dagewesene Herausforderungen und Fragen auf. Wir unterst\u00fctzen Sie in der Unfallabwicklung und bieten Ihnen einen kostenlosen Abhol- und Bringservice Ihres Fahrzeugs an. Zuverl\u00e4ssig und ohne Umst\u00e4nde f\u00fcr Sie!<\/p>\n<p><strong><u>Angebot<\/u><\/strong><\/p>\n<p>Sie finden bei uns p\u00fcnktlich zum Saisonwechsel eine gro\u00dfe Auswahl an Neu- und Gebrauchtreifen inkl. Umr\u00fcstung der R\u00e4der im Angebot.<\/p>\n\n\n<figure class=\"wp-block-gallery has-nested-images columns-default is-cropped wp-block-gallery-2 is-layout-flex wp-block-gallery-is-layout-flex\">\n<figure class=\"wp-block-image size-large\"><a href=\"http:\/\/autocenterakcin.de\/wp-content\/uploads\/2023\/08\/3d12f093-e8b2-439b-990f-5791f13ade99.jpg\"><img fetchpriority=\"high\" decoding=\"async\" width=\"959\" height=\"479\" data-id=\"11275\" src=\"http:\/\/autocenterakcin.de\/wp-content\/uploads\/2023\/08\/3d12f093-e8b2-439b-990f-5791f13ade99.jpg\" alt=\"\" class=\"wp-image-11275\" srcset=\"https:\/\/autocenterakcin.de\/wp-content\/uploads\/2023\/08\/3d12f093-e8b2-439b-990f-5791f13ade99.jpg 959w, https:\/\/autocenterakcin.de\/wp-content\/uploads\/2023\/08\/3d12f093-e8b2-439b-990f-5791f13ade99-300x150.jpg 300w, https:\/\/autocenterakcin.de\/wp-content\/uploads\/2023\/08\/3d12f093-e8b2-439b-990f-5791f13ade99-768x384.jpg 768w\" sizes=\"(max-width: 959px) 100vw, 959px\" \/><\/a><\/figure>\n<\/figure>\n\t\t\t\t\t\t\t\t<\/div>\n\t\t\t\t<\/div>\n\t\t\t\t\t<\/div>\n\t\t<\/div>\n\t\t\t\t\t<\/div>\n\t\t<\/section>\n\t\t\t\t<section class=\"elementor-section elementor-top-section elementor-element elementor-element-e746f88 elementor-section-boxed elementor-section-height-default elementor-section-height-default\" data-id=\"e746f88\" data-element_type=\"section\" data-e-type=\"section\">\n\t\t\t\t\t\t<div class=\"elementor-container elementor-column-gap-default\">\n\t\t\t\t\t<div class=\"elementor-column elementor-col-100 elementor-top-column elementor-element elementor-element-146b4f4\" data-id=\"146b4f4\" data-element_type=\"column\" data-e-type=\"column\">\n\t\t\t<div class=\"elementor-widget-wrap elementor-element-populated\">\n\t\t\t\t\t\t<div class=\"elementor-element elementor-element-fe3b7c5 elementor-widget elementor-widget-google_maps\" data-id=\"fe3b7c5\" data-element_type=\"widget\" data-e-type=\"widget\" data-widget_type=\"google_maps.default\">\n\t\t\t\t<div class=\"elementor-widget-container\">\n\t\t\t\t\t\t\t<div class=\"elementor-custom-embed\">\n\t\t\t<iframe loading=\"lazy\"\n\t\t\t\t\tsrc=\"https:\/\/maps.google.com\/maps?q=autocenter%20akcin%20bottrop&#038;t=m&#038;z=10&#038;output=embed&#038;iwloc=near\"\n\t\t\t\t\ttitle=\"autocenter akcin bottrop\"\n\t\t\t\t\taria-label=\"autocenter akcin bottrop\"\n\t\t\t><\/iframe>\n\t\t<\/div>\n\t\t\t\t\t\t<\/div>\n\t\t\t\t<\/div>\n\t\t\t\t\t<\/div>\n\t\t<\/div>\n\t\t\t\t\t<\/div>\n\t\t<\/section>\n\t\t\t\t<\/div>\n\t\t","protected":false},"excerpt":{"rendered":"<p>Kfz-Meisterbetrieb Autocenter Akcin ist seit 2011 Ihr Ansprechpartner rund um Kraftfahrzeuge in Bottrop. Sie, als Kunde sind der bedeutendste Besucher unseres Hauses. Ihre Sicherheit und Ihre Zufriedenheit sind f\u00fcr uns die oberste Priorit\u00e4t. Auch ohne Termin sind Sie bei uns &hellip; <a href=\"https:\/\/autocenterakcin.de\/\">Weiterlesen <span class=\"meta-nav\">&rarr;<\/span><\/a><\/p>\n","protected":false},"author":1,"featured_media":0,"parent":0,"menu_order":0,"comment_status":"closed","ping_status":"closed","template":"","meta":{"footnotes":""},"class_list":["post-108","page","type-page","status-publish","hentry"],"jetpack_sharing_enabled":true,"_links":{"self":[{"href":"https:\/\/autocenterakcin.de\/index.php?rest_route=\/wp\/v2\/pages\/108","targetHints":{"allow":["GET"]}}],"collection":[{"href":"https:\/\/autocenterakcin.de\/index.php?rest_route=\/wp\/v2\/pages"}],"about":[{"href":"https:\/\/autocenterakcin.de\/index.php?rest_route=\/wp\/v2\/types\/page"}],"author":[{"embeddable":true,"href":"https:\/\/autocenterakcin.de\/index.php?rest_route=\/wp\/v2\/users\/1"}],"replies":[{"embeddable":true,"href":"https:\/\/autocenterakcin.de\/index.php?rest_route=%2Fwp%2Fv2%2Fcomments&post=108"}],"version-history":[{"count":30,"href":"https:\/\/autocenterakcin.de\/index.php?rest_route=\/wp\/v2\/pages\/108\/revisions"}],"predecessor-version":[{"id":11298,"href":"https:\/\/autocenterakcin.de\/index.php?rest_route=\/wp\/v2\/pages\/108\/revisions\/11298"}],"wp:attachment":[{"href":"https:\/\/autocenterakcin.de\/index.php?rest_route=%2Fwp%2Fv2%2Fmedia&parent=108"}],"curies":[{"name":"wp","href":"https:\/\/api.w.org\/{rel}","templated":true}]}}